{"id":219,"date":"2023-01-18T16:56:14","date_gmt":"2023-01-18T15:56:14","guid":{"rendered":"http:\/\/eudinecotte.com\/?page_id=219"},"modified":"2023-08-03T22:29:34","modified_gmt":"2023-08-03T20:29:34","slug":"tarifs","status":"publish","type":"page","link":"https:\/\/www.eudinecotte.com\/index.php\/tarifs\/","title":{"rendered":"Tarifs"},"content":{"rendered":"\t\t<div data-elementor-type=\"wp-page\" data-elementor-id=\"219\" class=\"elementor elementor-219\">\n\t\t\t\t\t\t<section class=\"elementor-section elementor-top-section elementor-element elementor-element-6b32fb5 elementor-section-boxed elementor-section-height-default elementor-section-height-default\" data-id=\"6b32fb5\" data-element_type=\"section\" data-e-type=\"section\" data-settings=\"{&quot;background_background&quot;:&quot;classic&quot;}\">\n\t\t\t\t\t\t<div class=\"elementor-container elementor-column-gap-default\">\n\t\t\t\t\t<div class=\"elementor-column elementor-col-50 elementor-top-column elementor-element elementor-element-daf1b08 animated-slow elementor-invisible\" data-id=\"daf1b08\" data-element_type=\"column\" data-e-type=\"column\" data-settings=\"{&quot;background_background&quot;:&quot;classic&quot;,&quot;animation&quot;:&quot;fadeInLeft&quot;}\">\n\t\t\t<div class=\"elementor-widget-wrap elementor-element-populated\">\n\t\t\t\t\t\t<div class=\"elementor-element elementor-element-22571b2 elementor-widget elementor-widget-heading\" data-id=\"22571b2\" data-element_type=\"widget\" data-e-type=\"widget\" data-widget_type=\"heading.default\">\n\t\t\t\t<div class=\"elementor-widget-container\">\n\t\t\t\t\t<h2 class=\"elementor-heading-title elementor-size-medium\">Consultation Psychologique<\/h2>\t\t\t\t<\/div>\n\t\t\t\t<\/div>\n\t\t\t\t<div class=\"elementor-element elementor-element-4131b77 elementor-view-default elementor-widget elementor-widget-icon\" data-id=\"4131b77\" data-element_type=\"widget\" data-e-type=\"widget\" data-widget_type=\"icon.default\">\n\t\t\t\t<div class=\"elementor-widget-container\">\n\t\t\t\t\t\t\t<div class=\"elementor-icon-wrapper\">\n\t\t\t<div class=\"elementor-icon\">\n\t\t\t<i aria-hidden=\"true\" class=\"fas fa-brain\"><\/i>\t\t\t<\/div>\n\t\t<\/div>\n\t\t\t\t\t\t<\/div>\n\t\t\t\t<\/div>\n\t\t\t\t<div class=\"elementor-element elementor-element-58e5be7 elementor-widget elementor-widget-text-editor\" data-id=\"58e5be7\" data-element_type=\"widget\" data-e-type=\"widget\" data-widget_type=\"text-editor.default\">\n\t\t\t\t<div class=\"elementor-widget-container\">\n\t\t\t\t\t\t\t\t\t<p><b style=\"font-style: inherit;\">&nbsp;<\/b><b style=\"font-style: inherit;\">50 min &#8211; 1h00<\/b><\/p>\n<p><b>60 euros<\/b><\/p>\t\t\t\t\t\t\t\t<\/div>\n\t\t\t\t<\/div>\n\t\t\t\t<div class=\"elementor-element elementor-element-81478f3 elementor-align-center elementor-widget elementor-widget-button\" data-id=\"81478f3\" data-element_type=\"widget\" data-e-type=\"widget\" data-widget_type=\"button.default\">\n\t\t\t\t<div class=\"elementor-widget-container\">\n\t\t\t\t\t\t\t\t\t<div class=\"elementor-button-wrapper\">\n\t\t\t\t\t<a class=\"elementor-button elementor-button-link elementor-size-sm\" href=\"https:\/\/www.doctolib.fr\/psychologue\/labege\/eudine-cotte\">\n\t\t\t\t\t\t<span class=\"elementor-button-content-wrapper\">\n\t\t\t\t\t\t\t\t\t<span class=\"elementor-button-text\">Prendre rdv sur DOCTOLIB<\/span>\n\t\t\t\t\t<\/span>\n\t\t\t\t\t<\/a>\n\t\t\t\t<\/div>\n\t\t\t\t\t\t\t\t<\/div>\n\t\t\t\t<\/div>\n\t\t\t\t\t<\/div>\n\t\t<\/div>\n\t\t\t\t<div class=\"elementor-column elementor-col-50 elementor-top-column elementor-element elementor-element-be4968c animated-slow elementor-invisible\" data-id=\"be4968c\" data-element_type=\"column\" data-e-type=\"column\" data-settings=\"{&quot;background_background&quot;:&quot;classic&quot;,&quot;animation&quot;:&quot;fadeInRight&quot;}\">\n\t\t\t<div class=\"elementor-widget-wrap elementor-element-populated\">\n\t\t\t\t\t\t<div class=\"elementor-element elementor-element-83c3ff7 elementor-widget elementor-widget-heading\" data-id=\"83c3ff7\" data-element_type=\"widget\" data-e-type=\"widget\" data-widget_type=\"heading.default\">\n\t\t\t\t<div class=\"elementor-widget-container\">\n\t\t\t\t\t<h2 class=\"elementor-heading-title elementor-size-medium\">Accompagnement du sportif<\/h2>\t\t\t\t<\/div>\n\t\t\t\t<\/div>\n\t\t\t\t<div class=\"elementor-element elementor-element-376fd01 elementor-view-default elementor-widget elementor-widget-icon\" data-id=\"376fd01\" data-element_type=\"widget\" data-e-type=\"widget\" data-widget_type=\"icon.default\">\n\t\t\t\t<div class=\"elementor-widget-container\">\n\t\t\t\t\t\t\t<div class=\"elementor-icon-wrapper\">\n\t\t\t<div class=\"elementor-icon\">\n\t\t\t<i aria-hidden=\"true\" class=\"fas fa-football-ball\"><\/i>\t\t\t<\/div>\n\t\t<\/div>\n\t\t\t\t\t\t<\/div>\n\t\t\t\t<\/div>\n\t\t\t\t<div class=\"elementor-element elementor-element-ecc99cb elementor-widget elementor-widget-text-editor\" data-id=\"ecc99cb\" data-element_type=\"widget\" data-e-type=\"widget\" data-widget_type=\"text-editor.default\">\n\t\t\t\t<div class=\"elementor-widget-container\">\n\t\t\t\t\t\t\t\t\t<p>50 min &#8211; 1h00\u00a0<\/p><p><b>60 euros<\/b><\/p>\t\t\t\t\t\t\t\t<\/div>\n\t\t\t\t<\/div>\n\t\t\t\t<div class=\"elementor-element elementor-element-72eb315 elementor-align-center elementor-widget elementor-widget-button\" data-id=\"72eb315\" data-element_type=\"widget\" data-e-type=\"widget\" data-widget_type=\"button.default\">\n\t\t\t\t<div class=\"elementor-widget-container\">\n\t\t\t\t\t\t\t\t\t<div class=\"elementor-button-wrapper\">\n\t\t\t\t\t<a class=\"elementor-button elementor-button-link elementor-size-sm\" href=\"https:\/\/www.doctolib.fr\/psychologue\/labege\/eudine-cotte\">\n\t\t\t\t\t\t<span class=\"elementor-button-content-wrapper\">\n\t\t\t\t\t\t\t\t\t<span class=\"elementor-button-text\">Prendre rdv sur DOCTOLIB<\/span>\n\t\t\t\t\t<\/span>\n\t\t\t\t\t<\/a>\n\t\t\t\t<\/div>\n\t\t\t\t\t\t\t\t<\/div>\n\t\t\t\t<\/div>\n\t\t\t\t\t<\/div>\n\t\t<\/div>\n\t\t\t\t\t<\/div>\n\t\t<\/section>\n\t\t\t\t<section class=\"elementor-section elementor-top-section elementor-element elementor-element-f0560fd elementor-section-boxed elementor-section-height-default elementor-section-height-default\" data-id=\"f0560fd\" data-element_type=\"section\" data-e-type=\"section\">\n\t\t\t\t\t\t<div class=\"elementor-container elementor-column-gap-default\">\n\t\t\t\t\t<div class=\"elementor-column elementor-col-100 elementor-top-column elementor-element elementor-element-810bd78 animated-slow elementor-invisible\" data-id=\"810bd78\" data-element_type=\"column\" data-e-type=\"column\" data-settings=\"{&quot;background_background&quot;:&quot;classic&quot;,&quot;animation&quot;:&quot;fadeInUp&quot;}\">\n\t\t\t<div class=\"elementor-widget-wrap elementor-element-populated\">\n\t\t\t\t\t\t<div class=\"elementor-element elementor-element-c5b2f39 elementor-widget elementor-widget-heading\" data-id=\"c5b2f39\" data-element_type=\"widget\" data-e-type=\"widget\" data-widget_type=\"heading.default\">\n\t\t\t\t<div class=\"elementor-widget-container\">\n\t\t\t\t\t<h2 class=\"elementor-heading-title elementor-size-medium\">Bilan Psychologique (QI)<\/h2>\t\t\t\t<\/div>\n\t\t\t\t<\/div>\n\t\t\t\t<div class=\"elementor-element elementor-element-9e60d1b elementor-view-default elementor-widget elementor-widget-icon\" data-id=\"9e60d1b\" data-element_type=\"widget\" data-e-type=\"widget\" data-widget_type=\"icon.default\">\n\t\t\t\t<div class=\"elementor-widget-container\">\n\t\t\t\t\t\t\t<div class=\"elementor-icon-wrapper\">\n\t\t\t<div class=\"elementor-icon\">\n\t\t\t<i aria-hidden=\"true\" class=\"fas fa-puzzle-piece\"><\/i>\t\t\t<\/div>\n\t\t<\/div>\n\t\t\t\t\t\t<\/div>\n\t\t\t\t<\/div>\n\t\t\t\t<div class=\"elementor-element elementor-element-5bcc3a0 elementor-widget elementor-widget-text-editor\" data-id=\"5bcc3a0\" data-element_type=\"widget\" data-e-type=\"widget\" data-widget_type=\"text-editor.default\">\n\t\t\t\t<div class=\"elementor-widget-container\">\n\t\t\t\t\t\t\t\t\t<p><span style=\"font-style: inherit; font-family: var( --e-global-typography-text-font-family ), Sans-serif;\">Enfant\/Ado (WISC-V)<\/span><\/p><p><span style=\"font-style: inherit; font-family: var( --e-global-typography-text-font-family ), Sans-serif;\">Adulte (WAIS-IV)<\/span><\/p><p><span class=\"S1PPyQ\" style=\"font-style: italic;\">1er entretien anamn\u00e9stique + Passation du test + interpr\u00e9tation et r\u00e9daction par mes soins + entretien de restitution suivi de mes conclusions<\/span><\/p><p><b>300 euros<\/b><\/p>\t\t\t\t\t\t\t\t<\/div>\n\t\t\t\t<\/div>\n\t\t\t\t<div class=\"elementor-element elementor-element-6d45f15 elementor-align-center elementor-widget elementor-widget-button\" data-id=\"6d45f15\" data-element_type=\"widget\" data-e-type=\"widget\" data-widget_type=\"button.default\">\n\t\t\t\t<div class=\"elementor-widget-container\">\n\t\t\t\t\t\t\t\t\t<div class=\"elementor-button-wrapper\">\n\t\t\t\t\t<a class=\"elementor-button elementor-button-link elementor-size-sm\" href=\"https:\/\/www.doctolib.fr\/psychologue\/labege\/eudine-cotte\">\n\t\t\t\t\t\t<span class=\"elementor-button-content-wrapper\">\n\t\t\t\t\t\t\t\t\t<span class=\"elementor-button-text\">Prendre rdv sur DOCTOLIB<\/span>\n\t\t\t\t\t<\/span>\n\t\t\t\t\t<\/a>\n\t\t\t\t<\/div>\n\t\t\t\t\t\t\t\t<\/div>\n\t\t\t\t<\/div>\n\t\t\t\t\t<\/div>\n\t\t<\/div>\n\t\t\t\t\t<\/div>\n\t\t<\/section>\n\t\t\t\t<section class=\"elementor-section elementor-top-section elementor-element elementor-element-603e649 elementor-section-boxed elementor-section-height-default elementor-section-height-default\" data-id=\"603e649\" data-element_type=\"section\" data-e-type=\"section\">\n\t\t\t\t\t\t<div class=\"elementor-container elementor-column-gap-default\">\n\t\t\t\t\t<div class=\"elementor-column elementor-col-100 elementor-top-column elementor-element elementor-element-9f568dd animated-slow elementor-invisible\" data-id=\"9f568dd\" data-element_type=\"column\" data-e-type=\"column\" data-settings=\"{&quot;background_background&quot;:&quot;classic&quot;,&quot;animation&quot;:&quot;fadeInUp&quot;}\">\n\t\t\t<div class=\"elementor-widget-wrap elementor-element-populated\">\n\t\t\t\t\t\t<div class=\"elementor-element elementor-element-a3d61eb elementor-widget elementor-widget-heading\" data-id=\"a3d61eb\" data-element_type=\"widget\" data-e-type=\"widget\" data-widget_type=\"heading.default\">\n\t\t\t\t<div class=\"elementor-widget-container\">\n\t\t\t\t\t<h2 class=\"elementor-heading-title elementor-size-medium\">Sophrologie<\/h2>\t\t\t\t<\/div>\n\t\t\t\t<\/div>\n\t\t\t\t<div class=\"elementor-element elementor-element-532ee8d elementor-view-default elementor-widget elementor-widget-icon\" data-id=\"532ee8d\" data-element_type=\"widget\" data-e-type=\"widget\" data-widget_type=\"icon.default\">\n\t\t\t\t<div class=\"elementor-widget-container\">\n\t\t\t\t\t\t\t<div class=\"elementor-icon-wrapper\">\n\t\t\t<div class=\"elementor-icon\">\n\t\t\t<i aria-hidden=\"true\" class=\"fas fa-spa\"><\/i>\t\t\t<\/div>\n\t\t<\/div>\n\t\t\t\t\t\t<\/div>\n\t\t\t\t<\/div>\n\t\t\t\t<section class=\"elementor-section elementor-inner-section elementor-element elementor-element-03b5e41 elementor-section-boxed elementor-section-height-default elementor-section-height-default\" data-id=\"03b5e41\" data-element_type=\"section\" data-e-type=\"section\">\n\t\t\t\t\t\t<div class=\"elementor-container elementor-column-gap-default\">\n\t\t\t\t\t<div class=\"elementor-column elementor-col-50 elementor-inner-column elementor-element elementor-element-f6abe28\" data-id=\"f6abe28\" data-element_type=\"column\" data-e-type=\"column\">\n\t\t\t<div class=\"elementor-widget-wrap elementor-element-populated\">\n\t\t\t\t\t\t<div class=\"elementor-element elementor-element-14f93f3 elementor-widget elementor-widget-text-editor\" data-id=\"14f93f3\" data-element_type=\"widget\" data-e-type=\"widget\" data-widget_type=\"text-editor.default\">\n\t\t\t\t<div class=\"elementor-widget-container\">\n\t\t\t\t\t\t\t\t\t<p style=\"text-align: center;\"><b>Accompagnement du sportif \u00e0 travers la\u00a0<\/b><b>sophrop\u00e9dagogie sportive<\/b><\/p><p style=\"text-align: center;\">1\u00e8re consultation (50 min &#8211; 1h00)<br \/><b>60 euros<\/b><\/p><p style=\"text-align: center;\">Suivi (45min &#8211; 50 min)<br \/><b>45 euros<\/b><\/p>\t\t\t\t\t\t\t\t<\/div>\n\t\t\t\t<\/div>\n\t\t\t\t\t<\/div>\n\t\t<\/div>\n\t\t\t\t<div class=\"elementor-column elementor-col-50 elementor-inner-column elementor-element elementor-element-f18cc2c\" data-id=\"f18cc2c\" data-element_type=\"column\" data-e-type=\"column\">\n\t\t\t<div class=\"elementor-widget-wrap elementor-element-populated\">\n\t\t\t\t\t\t<div class=\"elementor-element elementor-element-a934ed9 elementor-widget elementor-widget-text-editor\" data-id=\"a934ed9\" data-element_type=\"widget\" data-e-type=\"widget\" data-widget_type=\"text-editor.default\">\n\t\t\t\t<div class=\"elementor-widget-container\">\n\t\t\t\t\t\t\t\t\t<p style=\"text-align: center;\"><b>Consultation pour s\u00e9ance de sophrologie<\/b><\/p>\n<p style=\"text-align: center;\"><br>1\u00e8re consultation (50 min &#8211; 1h00)<br>\n<b>60 euros<\/b><\/p>\n<p style=\"text-align: center;\">Suivi (45min &#8211; 50 min)<br>\n<b>45 euros<\/b><\/p>\t\t\t\t\t\t\t\t<\/div>\n\t\t\t\t<\/div>\n\t\t\t\t\t<\/div>\n\t\t<\/div>\n\t\t\t\t\t<\/div>\n\t\t<\/section>\n\t\t\t\t<div class=\"elementor-element elementor-element-e93df39 elementor-align-center elementor-widget elementor-widget-button\" data-id=\"e93df39\" data-element_type=\"widget\" data-e-type=\"widget\" data-widget_type=\"button.default\">\n\t\t\t\t<div class=\"elementor-widget-container\">\n\t\t\t\t\t\t\t\t\t<div class=\"elementor-button-wrapper\">\n\t\t\t\t\t<a class=\"elementor-button elementor-button-link elementor-size-sm\" href=\"https:\/\/www.doctolib.fr\/psychologue\/labege\/eudine-cotte\">\n\t\t\t\t\t\t<span class=\"elementor-button-content-wrapper\">\n\t\t\t\t\t\t\t\t\t<span class=\"elementor-button-text\">Prendre rdv sur DOCTOLIB<\/span>\n\t\t\t\t\t<\/span>\n\t\t\t\t\t<\/a>\n\t\t\t\t<\/div>\n\t\t\t\t\t\t\t\t<\/div>\n\t\t\t\t<\/div>\n\t\t\t\t\t<\/div>\n\t\t<\/div>\n\t\t\t\t\t<\/div>\n\t\t<\/section>\n\t\t\t\t<\/div>\n\t\t","protected":false},"excerpt":{"rendered":"<p>Consultation Psychologique &nbsp;50 min &#8211; 1h00 60 euros Prendre rdv sur DOCTOLIB Accompagnement du sportif 50 min &#8211; 1h00\u00a0 60 euros Prendre rdv sur DOCTOLIB Bilan Psychologique (QI) Enfant\/Ado (WISC-V) Adulte (WAIS-IV) 1er entretien anamn\u00e9stique + Passation du test + interpr\u00e9tation et r\u00e9daction par mes soins + entretien de restitution suivi de mes conclusions 300 &hellip;<\/p>\n<p class=\"read-more\"> <a class=\"\" href=\"https:\/\/www.eudinecotte.com\/index.php\/tarifs\/\"> <span class=\"screen-reader-text\">Tarifs<\/span> Lire la suite\u00a0\u00bb<\/a><\/p>\n","protected":false},"author":1,"featured_media":0,"parent":0,"menu_order":0,"comment_status":"closed","ping_status":"closed","template":"","meta":{"site-sidebar-layout":"no-sidebar","site-content-layout":"page-builder","ast-global-header-display":"","ast-main-header-display":"","ast-hfb-above-header-display":"","ast-hfb-below-header-display":"","ast-hfb-mobile-header-display":"","site-post-title":"disabled","ast-breadcrumbs-content":"","ast-featured-img":"disabled","footer-sml-layout":"","theme-transparent-header-meta":"","adv-header-id-meta":"","stick-header-meta":"","header-above-stick-meta":"","header-main-stick-meta":"","header-below-stick-meta":"","footnotes":""},"class_list":["post-219","page","type-page","status-publish","hentry"],"yoast_head":"<!-- This site is optimized with the Yoast SEO plugin v27.3 - https:\/\/yoast.com\/product\/yoast-seo-wordpress\/ -->\n<title>Tarifs - Eudine Cotte<\/title>\n<meta name=\"robots\" content=\"index, follow, max-snippet:-1, max-image-preview:large, max-video-preview:-1\" \/>\n<link rel=\"canonical\" href=\"https:\/\/www.eudinecotte.com\/index.php\/tarifs\/\" \/>\n<meta property=\"og:locale\" content=\"fr_FR\" \/>\n<meta property=\"og:type\" content=\"article\" \/>\n<meta property=\"og:title\" content=\"Tarifs - Eudine Cotte\" \/>\n<meta property=\"og:description\" content=\"Consultation Psychologique &nbsp;50 min &#8211; 1h00 60 euros Prendre rdv sur DOCTOLIB Accompagnement du sportif 50 min &#8211; 1h00\u00a0 60 euros Prendre rdv sur DOCTOLIB Bilan Psychologique (QI) Enfant\/Ado (WISC-V) Adulte (WAIS-IV) 1er entretien anamn\u00e9stique + Passation du test + interpr\u00e9tation et r\u00e9daction par mes soins + entretien de restitution suivi de mes conclusions 300 &hellip; Tarifs Lire la suite\u00a0\u00bb\" \/>\n<meta property=\"og:url\" content=\"https:\/\/www.eudinecotte.com\/index.php\/tarifs\/\" \/>\n<meta property=\"og:site_name\" content=\"Eudine Cotte\" \/>\n<meta property=\"article:modified_time\" content=\"2023-08-03T20:29:34+00:00\" \/>\n<meta name=\"twitter:card\" content=\"summary_large_image\" \/>\n<script type=\"application\/ld+json\" class=\"yoast-schema-graph\">{\"@context\":\"https:\\\/\\\/schema.org\",\"@graph\":[{\"@type\":\"WebPage\",\"@id\":\"https:\\\/\\\/www.eudinecotte.com\\\/index.php\\\/tarifs\\\/\",\"url\":\"https:\\\/\\\/www.eudinecotte.com\\\/index.php\\\/tarifs\\\/\",\"name\":\"Tarifs - Eudine Cotte\",\"isPartOf\":{\"@id\":\"https:\\\/\\\/www.eudinecotte.com\\\/#website\"},\"datePublished\":\"2023-01-18T15:56:14+00:00\",\"dateModified\":\"2023-08-03T20:29:34+00:00\",\"breadcrumb\":{\"@id\":\"https:\\\/\\\/www.eudinecotte.com\\\/index.php\\\/tarifs\\\/#breadcrumb\"},\"inLanguage\":\"fr-FR\",\"potentialAction\":[{\"@type\":\"ReadAction\",\"target\":[\"https:\\\/\\\/www.eudinecotte.com\\\/index.php\\\/tarifs\\\/\"]}]},{\"@type\":\"BreadcrumbList\",\"@id\":\"https:\\\/\\\/www.eudinecotte.com\\\/index.php\\\/tarifs\\\/#breadcrumb\",\"itemListElement\":[{\"@type\":\"ListItem\",\"position\":1,\"name\":\"Accueil\",\"item\":\"https:\\\/\\\/www.eudinecotte.com\\\/\"},{\"@type\":\"ListItem\",\"position\":2,\"name\":\"Tarifs\"}]},{\"@type\":\"WebSite\",\"@id\":\"https:\\\/\\\/www.eudinecotte.com\\\/#website\",\"url\":\"https:\\\/\\\/www.eudinecotte.com\\\/\",\"name\":\"Eudine Cotte - Psychologue Clinicienne & Praticienne EFT\",\"description\":\"Psychologue Clinicienne\",\"potentialAction\":[{\"@type\":\"SearchAction\",\"target\":{\"@type\":\"EntryPoint\",\"urlTemplate\":\"https:\\\/\\\/www.eudinecotte.com\\\/?s={search_term_string}\"},\"query-input\":{\"@type\":\"PropertyValueSpecification\",\"valueRequired\":true,\"valueName\":\"search_term_string\"}}],\"inLanguage\":\"fr-FR\"}]}<\/script>\n<!-- \/ Yoast SEO plugin. -->","yoast_head_json":{"title":"Tarifs - Eudine Cotte","robots":{"index":"index","follow":"follow","max-snippet":"max-snippet:-1","max-image-preview":"max-image-preview:large","max-video-preview":"max-video-preview:-1"},"canonical":"https:\/\/www.eudinecotte.com\/index.php\/tarifs\/","og_locale":"fr_FR","og_type":"article","og_title":"Tarifs - Eudine Cotte","og_description":"Consultation Psychologique &nbsp;50 min &#8211; 1h00 60 euros Prendre rdv sur DOCTOLIB Accompagnement du sportif 50 min &#8211; 1h00\u00a0 60 euros Prendre rdv sur DOCTOLIB Bilan Psychologique (QI) Enfant\/Ado (WISC-V) Adulte (WAIS-IV) 1er entretien anamn\u00e9stique + Passation du test + interpr\u00e9tation et r\u00e9daction par mes soins + entretien de restitution suivi de mes conclusions 300 &hellip; Tarifs Lire la suite\u00a0\u00bb","og_url":"https:\/\/www.eudinecotte.com\/index.php\/tarifs\/","og_site_name":"Eudine Cotte","article_modified_time":"2023-08-03T20:29:34+00:00","twitter_card":"summary_large_image","schema":{"@context":"https:\/\/schema.org","@graph":[{"@type":"WebPage","@id":"https:\/\/www.eudinecotte.com\/index.php\/tarifs\/","url":"https:\/\/www.eudinecotte.com\/index.php\/tarifs\/","name":"Tarifs - Eudine Cotte","isPartOf":{"@id":"https:\/\/www.eudinecotte.com\/#website"},"datePublished":"2023-01-18T15:56:14+00:00","dateModified":"2023-08-03T20:29:34+00:00","breadcrumb":{"@id":"https:\/\/www.eudinecotte.com\/index.php\/tarifs\/#breadcrumb"},"inLanguage":"fr-FR","potentialAction":[{"@type":"ReadAction","target":["https:\/\/www.eudinecotte.com\/index.php\/tarifs\/"]}]},{"@type":"BreadcrumbList","@id":"https:\/\/www.eudinecotte.com\/index.php\/tarifs\/#breadcrumb","itemListElement":[{"@type":"ListItem","position":1,"name":"Accueil","item":"https:\/\/www.eudinecotte.com\/"},{"@type":"ListItem","position":2,"name":"Tarifs"}]},{"@type":"WebSite","@id":"https:\/\/www.eudinecotte.com\/#website","url":"https:\/\/www.eudinecotte.com\/","name":"Eudine Cotte - Psychologue Clinicienne & Praticienne EFT","description":"Psychologue Clinicienne","potentialAction":[{"@type":"SearchAction","target":{"@type":"EntryPoint","urlTemplate":"https:\/\/www.eudinecotte.com\/?s={search_term_string}"},"query-input":{"@type":"PropertyValueSpecification","valueRequired":true,"valueName":"search_term_string"}}],"inLanguage":"fr-FR"}]}},"_links":{"self":[{"href":"https:\/\/www.eudinecotte.com\/index.php\/wp-json\/wp\/v2\/pages\/219","targetHints":{"allow":["GET"]}}],"collection":[{"href":"https:\/\/www.eudinecotte.com\/index.php\/wp-json\/wp\/v2\/pages"}],"about":[{"href":"https:\/\/www.eudinecotte.com\/index.php\/wp-json\/wp\/v2\/types\/page"}],"author":[{"embeddable":true,"href":"https:\/\/www.eudinecotte.com\/index.php\/wp-json\/wp\/v2\/users\/1"}],"replies":[{"embeddable":true,"href":"https:\/\/www.eudinecotte.com\/index.php\/wp-json\/wp\/v2\/comments?post=219"}],"version-history":[{"count":142,"href":"https:\/\/www.eudinecotte.com\/index.php\/wp-json\/wp\/v2\/pages\/219\/revisions"}],"predecessor-version":[{"id":2512,"href":"https:\/\/www.eudinecotte.com\/index.php\/wp-json\/wp\/v2\/pages\/219\/revisions\/2512"}],"wp:attachment":[{"href":"https:\/\/www.eudinecotte.com\/index.php\/wp-json\/wp\/v2\/media?parent=219"}],"curies":[{"name":"wp","href":"https:\/\/api.w.org\/{rel}","templated":true}]}}